{"id":749,"date":"2024-03-05T14:52:07","date_gmt":"2024-03-05T14:52:07","guid":{"rendered":"https:\/\/www.marijkeswolkamer.nl\/?post_type=product&#038;p=749"},"modified":"2024-03-05T14:54:12","modified_gmt":"2024-03-05T14:54:12","slug":"novita-7-brothers-618-sandbank","status":"publish","type":"product","link":"https:\/\/www.marijkeswolkamer.nl\/index.php\/product\/novita-7-brothers-618-sandbank\/","title":{"rendered":"Novita &#8211; 7 Brothers &#8211; 618 Sandbank"},"content":{"rendered":"<p>De Novita &#8216;7 Veljesta\u0308&#8217; ook bekend als &#8216;7 Brothers&#8217; of &#8216;7 broers&#8217;, is een Classic wol die niet alleen geschikt is voor sokkenwol maar ook voor truien, vesten en colorwork. De Classic Collection is de basis van de hele collectie en is al jarenlang populair bij breiers.<\/p>\n<p>De Novita 7 Veljest\u00e4 7 Brothers is een Aran (medium) garen dat duurzaam is en een sokkengaren dat bestaat uit 75% wol en 25% polyamide. Dit zorgt voor slijtvastheid en vormbehoud. Dit 7 Veljest\u00e4 garen wordt niet alleen gebruikt voor sokken, maar ook voor breiwerk met Scandinavische motieven. 7 Veljest\u00e4 is er in veel klassieke kleuren. Je kunt met \u00e9\u00e9n bol een paar sokken tot maat 40 breien.<\/p>\n<p><strong>Opmaak<\/strong>: bol van 100 gram met ca 200 meter looplengte<br \/>\n<strong>Naalddikte<\/strong>: 4 mm en voor sokken breien 3,5 mm<br \/>\n<strong>Stekenverhouding<\/strong>: 10 x 10 cm = 18 steken x 26 naalden<br \/>\n<strong>Samenstelling<\/strong>: 75% wol en 25% polyamide<br \/>\n<strong>Wasvoorschrift<\/strong>: 40\u00b0<\/p>\n<p>Kleuren kunnen afwijken door instellingen van uw beeldscherm.<\/p>\n","protected":false},"excerpt":{"rendered":"<p>De Novita &#8216;7 Veljesta\u0308&#8217; ook bekend als &#8216;7 Brothers&#8217; of &#8216;7 broers&#8217;, is een Classic wol die niet alleen geschikt is voor sokkenwol maar ook voor truien, vesten en colorwork.<\/p>\n","protected":false},"featured_media":750,"template":"","meta":{"saved_in_kubio":false},"product_brand":[],"product_cat":[53],"product_tag":[],"class_list":{"0":"post-749","1":"product","2":"type-product","3":"status-publish","4":"has-post-thumbnail","6":"product_cat-novita-7-brothers","8":"first","9":"instock","10":"shipping-taxable","11":"product-type-simple"},"yoast_head":"<!-- This site is optimized with the Yoast SEO plugin v27.4 - https:\/\/yoast.com\/product\/yoast-seo-wordpress\/ -->\n<title>Novita - 7 Brothers - 618 Sandbank - Marijke&#039;s Wolkamer<\/title>\n<meta name=\"robots\" content=\"index, follow, max-snippet:-1, max-image-preview:large, max-video-preview:-1\" \/>\n<link rel=\"canonical\" href=\"https:\/\/www.marijkeswolkamer.nl\/index.php\/product\/novita-7-brothers-618-sandbank\/\" \/>\n<meta property=\"og:locale\" content=\"nl_NL\" \/>\n<meta property=\"og:type\" content=\"article\" \/>\n<meta property=\"og:title\" content=\"Novita - 7 Brothers - 618 Sandbank - Marijke&#039;s Wolkamer\" \/>\n<meta property=\"og:description\" content=\"De Novita &#039;7 Veljesta\u0308&#039; ook bekend als &#039;7 Brothers&#039; of &#039;7 broers&#039;, is een Classic wol die niet alleen geschikt is voor sokkenwol maar ook voor truien, vesten en colorwork.\" \/>\n<meta property=\"og:url\" content=\"https:\/\/www.marijkeswolkamer.nl\/index.php\/product\/novita-7-brothers-618-sandbank\/\" \/>\n<meta property=\"og:site_name\" content=\"Marijke&#039;s Wolkamer\" \/>\n<meta property=\"article:modified_time\" content=\"2024-03-05T14:54:12+00:00\" \/>\n<meta property=\"og:image\" content=\"https:\/\/www.marijkeswolkamer.nl\/wp-content\/uploads\/2024\/03\/Novita-7-Brothers-182618.jpg\" \/>\n\t<meta property=\"og:image:width\" content=\"800\" \/>\n\t<meta property=\"og:image:height\" content=\"800\" \/>\n\t<meta property=\"og:image:type\" content=\"image\/jpeg\" \/>\n<meta name=\"twitter:card\" content=\"summary_large_image\" \/>\n<meta name=\"twitter:label1\" content=\"Geschatte leestijd\" \/>\n\t<meta name=\"twitter:data1\" content=\"1 minuut\" \/>\n<script type=\"application\/ld+json\" class=\"yoast-schema-graph\">{\"@context\":\"https:\\\/\\\/schema.org\",\"@graph\":[{\"@type\":\"WebPage\",\"@id\":\"https:\\\/\\\/www.marijkeswolkamer.nl\\\/index.php\\\/product\\\/novita-7-brothers-618-sandbank\\\/\",\"url\":\"https:\\\/\\\/www.marijkeswolkamer.nl\\\/index.php\\\/product\\\/novita-7-brothers-618-sandbank\\\/\",\"name\":\"Novita - 7 Brothers - 618 Sandbank - Marijke's Wolkamer\",\"isPartOf\":{\"@id\":\"https:\\\/\\\/www.marijkeswolkamer.nl\\\/#website\"},\"primaryImageOfPage\":{\"@id\":\"https:\\\/\\\/www.marijkeswolkamer.nl\\\/index.php\\\/product\\\/novita-7-brothers-618-sandbank\\\/#primaryimage\"},\"image\":{\"@id\":\"https:\\\/\\\/www.marijkeswolkamer.nl\\\/index.php\\\/product\\\/novita-7-brothers-618-sandbank\\\/#primaryimage\"},\"thumbnailUrl\":\"https:\\\/\\\/www.marijkeswolkamer.nl\\\/wp-content\\\/uploads\\\/2024\\\/03\\\/Novita-7-Brothers-182618.jpg\",\"datePublished\":\"2024-03-05T14:52:07+00:00\",\"dateModified\":\"2024-03-05T14:54:12+00:00\",\"breadcrumb\":{\"@id\":\"https:\\\/\\\/www.marijkeswolkamer.nl\\\/index.php\\\/product\\\/novita-7-brothers-618-sandbank\\\/#breadcrumb\"},\"inLanguage\":\"nl-NL\",\"potentialAction\":[{\"@type\":\"ReadAction\",\"target\":[\"https:\\\/\\\/www.marijkeswolkamer.nl\\\/index.php\\\/product\\\/novita-7-brothers-618-sandbank\\\/\"]}]},{\"@type\":\"ImageObject\",\"inLanguage\":\"nl-NL\",\"@id\":\"https:\\\/\\\/www.marijkeswolkamer.nl\\\/index.php\\\/product\\\/novita-7-brothers-618-sandbank\\\/#primaryimage\",\"url\":\"https:\\\/\\\/www.marijkeswolkamer.nl\\\/wp-content\\\/uploads\\\/2024\\\/03\\\/Novita-7-Brothers-182618.jpg\",\"contentUrl\":\"https:\\\/\\\/www.marijkeswolkamer.nl\\\/wp-content\\\/uploads\\\/2024\\\/03\\\/Novita-7-Brothers-182618.jpg\",\"width\":800,\"height\":800},{\"@type\":\"BreadcrumbList\",\"@id\":\"https:\\\/\\\/www.marijkeswolkamer.nl\\\/index.php\\\/product\\\/novita-7-brothers-618-sandbank\\\/#breadcrumb\",\"itemListElement\":[{\"@type\":\"ListItem\",\"position\":1,\"name\":\"Home\",\"item\":\"https:\\\/\\\/www.marijkeswolkamer.nl\\\/\"},{\"@type\":\"ListItem\",\"position\":2,\"name\":\"Assortiment\",\"item\":\"https:\\\/\\\/www.marijkeswolkamer.nl\\\/index.php\\\/assortiment\\\/\"},{\"@type\":\"ListItem\",\"position\":3,\"name\":\"Novita &#8211; 7 Brothers &#8211; 618 Sandbank\"}]},{\"@type\":\"WebSite\",\"@id\":\"https:\\\/\\\/www.marijkeswolkamer.nl\\\/#website\",\"url\":\"https:\\\/\\\/www.marijkeswolkamer.nl\\\/\",\"name\":\"Marijke's Wolkamer\",\"description\":\"Handgeverfde sokkenwol\",\"publisher\":{\"@id\":\"https:\\\/\\\/www.marijkeswolkamer.nl\\\/#organization\"},\"potentialAction\":[{\"@type\":\"SearchAction\",\"target\":{\"@type\":\"EntryPoint\",\"urlTemplate\":\"https:\\\/\\\/www.marijkeswolkamer.nl\\\/?s={search_term_string}\"},\"query-input\":{\"@type\":\"PropertyValueSpecification\",\"valueRequired\":true,\"valueName\":\"search_term_string\"}}],\"inLanguage\":\"nl-NL\"},{\"@type\":\"Organization\",\"@id\":\"https:\\\/\\\/www.marijkeswolkamer.nl\\\/#organization\",\"name\":\"Marijke's Wolkamer\",\"url\":\"https:\\\/\\\/www.marijkeswolkamer.nl\\\/\",\"logo\":{\"@type\":\"ImageObject\",\"inLanguage\":\"nl-NL\",\"@id\":\"https:\\\/\\\/www.marijkeswolkamer.nl\\\/#\\\/schema\\\/logo\\\/image\\\/\",\"url\":\"https:\\\/\\\/www.marijkeswolkamer.nl\\\/wp-content\\\/uploads\\\/2024\\\/03\\\/Logo-marijkewolkamer.png\",\"contentUrl\":\"https:\\\/\\\/www.marijkeswolkamer.nl\\\/wp-content\\\/uploads\\\/2024\\\/03\\\/Logo-marijkewolkamer.png\",\"width\":512,\"height\":512,\"caption\":\"Marijke's Wolkamer\"},\"image\":{\"@id\":\"https:\\\/\\\/www.marijkeswolkamer.nl\\\/#\\\/schema\\\/logo\\\/image\\\/\"}}]}<\/script>\n<!-- \/ Yoast SEO plugin. -->","yoast_head_json":{"title":"Novita - 7 Brothers - 618 Sandbank - Marijke's Wolkamer","robots":{"index":"index","follow":"follow","max-snippet":"max-snippet:-1","max-image-preview":"max-image-preview:large","max-video-preview":"max-video-preview:-1"},"canonical":"https:\/\/www.marijkeswolkamer.nl\/index.php\/product\/novita-7-brothers-618-sandbank\/","og_locale":"nl_NL","og_type":"article","og_title":"Novita - 7 Brothers - 618 Sandbank - Marijke's Wolkamer","og_description":"De Novita '7 Veljesta\u0308' ook bekend als '7 Brothers' of '7 broers', is een Classic wol die niet alleen geschikt is voor sokkenwol maar ook voor truien, vesten en colorwork.","og_url":"https:\/\/www.marijkeswolkamer.nl\/index.php\/product\/novita-7-brothers-618-sandbank\/","og_site_name":"Marijke's Wolkamer","article_modified_time":"2024-03-05T14:54:12+00:00","og_image":[{"width":800,"height":800,"url":"https:\/\/www.marijkeswolkamer.nl\/wp-content\/uploads\/2024\/03\/Novita-7-Brothers-182618.jpg","type":"image\/jpeg"}],"twitter_card":"summary_large_image","twitter_misc":{"Geschatte leestijd":"1 minuut"},"schema":{"@context":"https:\/\/schema.org","@graph":[{"@type":"WebPage","@id":"https:\/\/www.marijkeswolkamer.nl\/index.php\/product\/novita-7-brothers-618-sandbank\/","url":"https:\/\/www.marijkeswolkamer.nl\/index.php\/product\/novita-7-brothers-618-sandbank\/","name":"Novita - 7 Brothers - 618 Sandbank - Marijke's Wolkamer","isPartOf":{"@id":"https:\/\/www.marijkeswolkamer.nl\/#website"},"primaryImageOfPage":{"@id":"https:\/\/www.marijkeswolkamer.nl\/index.php\/product\/novita-7-brothers-618-sandbank\/#primaryimage"},"image":{"@id":"https:\/\/www.marijkeswolkamer.nl\/index.php\/product\/novita-7-brothers-618-sandbank\/#primaryimage"},"thumbnailUrl":"https:\/\/www.marijkeswolkamer.nl\/wp-content\/uploads\/2024\/03\/Novita-7-Brothers-182618.jpg","datePublished":"2024-03-05T14:52:07+00:00","dateModified":"2024-03-05T14:54:12+00:00","breadcrumb":{"@id":"https:\/\/www.marijkeswolkamer.nl\/index.php\/product\/novita-7-brothers-618-sandbank\/#breadcrumb"},"inLanguage":"nl-NL","potentialAction":[{"@type":"ReadAction","target":["https:\/\/www.marijkeswolkamer.nl\/index.php\/product\/novita-7-brothers-618-sandbank\/"]}]},{"@type":"ImageObject","inLanguage":"nl-NL","@id":"https:\/\/www.marijkeswolkamer.nl\/index.php\/product\/novita-7-brothers-618-sandbank\/#primaryimage","url":"https:\/\/www.marijkeswolkamer.nl\/wp-content\/uploads\/2024\/03\/Novita-7-Brothers-182618.jpg","contentUrl":"https:\/\/www.marijkeswolkamer.nl\/wp-content\/uploads\/2024\/03\/Novita-7-Brothers-182618.jpg","width":800,"height":800},{"@type":"BreadcrumbList","@id":"https:\/\/www.marijkeswolkamer.nl\/index.php\/product\/novita-7-brothers-618-sandbank\/#breadcrumb","itemListElement":[{"@type":"ListItem","position":1,"name":"Home","item":"https:\/\/www.marijkeswolkamer.nl\/"},{"@type":"ListItem","position":2,"name":"Assortiment","item":"https:\/\/www.marijkeswolkamer.nl\/index.php\/assortiment\/"},{"@type":"ListItem","position":3,"name":"Novita &#8211; 7 Brothers &#8211; 618 Sandbank"}]},{"@type":"WebSite","@id":"https:\/\/www.marijkeswolkamer.nl\/#website","url":"https:\/\/www.marijkeswolkamer.nl\/","name":"Marijke's Wolkamer","description":"Handgeverfde sokkenwol","publisher":{"@id":"https:\/\/www.marijkeswolkamer.nl\/#organization"},"potentialAction":[{"@type":"SearchAction","target":{"@type":"EntryPoint","urlTemplate":"https:\/\/www.marijkeswolkamer.nl\/?s={search_term_string}"},"query-input":{"@type":"PropertyValueSpecification","valueRequired":true,"valueName":"search_term_string"}}],"inLanguage":"nl-NL"},{"@type":"Organization","@id":"https:\/\/www.marijkeswolkamer.nl\/#organization","name":"Marijke's Wolkamer","url":"https:\/\/www.marijkeswolkamer.nl\/","logo":{"@type":"ImageObject","inLanguage":"nl-NL","@id":"https:\/\/www.marijkeswolkamer.nl\/#\/schema\/logo\/image\/","url":"https:\/\/www.marijkeswolkamer.nl\/wp-content\/uploads\/2024\/03\/Logo-marijkewolkamer.png","contentUrl":"https:\/\/www.marijkeswolkamer.nl\/wp-content\/uploads\/2024\/03\/Logo-marijkewolkamer.png","width":512,"height":512,"caption":"Marijke's Wolkamer"},"image":{"@id":"https:\/\/www.marijkeswolkamer.nl\/#\/schema\/logo\/image\/"}}]}},"_links":{"self":[{"href":"https:\/\/www.marijkeswolkamer.nl\/index.php\/wp-json\/wp\/v2\/product\/749","targetHints":{"allow":["GET"]}}],"collection":[{"href":"https:\/\/www.marijkeswolkamer.nl\/index.php\/wp-json\/wp\/v2\/product"}],"about":[{"href":"https:\/\/www.marijkeswolkamer.nl\/index.php\/wp-json\/wp\/v2\/types\/product"}],"wp:featuredmedia":[{"embeddable":true,"href":"https:\/\/www.marijkeswolkamer.nl\/index.php\/wp-json\/wp\/v2\/media\/750"}],"wp:attachment":[{"href":"https:\/\/www.marijkeswolkamer.nl\/index.php\/wp-json\/wp\/v2\/media?parent=749"}],"wp:term":[{"taxonomy":"product_brand","embeddable":true,"href":"https:\/\/www.marijkeswolkamer.nl\/index.php\/wp-json\/wp\/v2\/product_brand?post=749"},{"taxonomy":"product_cat","embeddable":true,"href":"https:\/\/www.marijkeswolkamer.nl\/index.php\/wp-json\/wp\/v2\/product_cat?post=749"},{"taxonomy":"product_tag","embeddable":true,"href":"https:\/\/www.marijkeswolkamer.nl\/index.php\/wp-json\/wp\/v2\/product_tag?post=749"}],"curies":[{"name":"wp","href":"https:\/\/api.w.org\/{rel}","templated":true}]}}